{"id":950,"date":"2023-12-05T08:18:47","date_gmt":"2023-12-05T07:18:47","guid":{"rendered":"https:\/\/eibarkultura.eus\/pagatxa\/"},"modified":"2026-04-01T10:28:23","modified_gmt":"2026-04-01T08:28:23","slug":"pagatxa","status":"publish","type":"page","link":"https:\/\/eibarkultura.eus\/es\/pagatxa\/","title":{"rendered":"Pagatxa"},"content":{"rendered":"\t\t<div data-elementor-type=\"wp-page\" data-elementor-id=\"950\" class=\"elementor elementor-950 elementor-594\">\n\t\t\t\t\t\t<section class=\"elementor-section elementor-top-section elementor-element elementor-element-95f511d elementor-section-boxed elementor-section-height-default elementor-section-height-default sc_fly_static\" data-id=\"95f511d\" data-element_type=\"section\" data-e-type=\"section\">\n\t\t\t\t\t\t<div class=\"elementor-container elementor-column-gap-extended\">\n\t\t\t\t\t<div class=\"elementor-column elementor-col-66 elementor-top-column elementor-element elementor-element-c3948d2 sc_content_align_inherit sc_layouts_column_icons_position_left sc_fly_static\" data-id=\"c3948d2\" data-element_type=\"column\" data-e-type=\"column\">\n\t\t\t<div class=\"elementor-widget-wrap elementor-element-populated\">\n\t\t\t\t\t\t<div class=\"elementor-element elementor-element-0e639ab sc_fly_static elementor-widget elementor-widget-image\" data-id=\"0e639ab\" data-element_type=\"widget\" data-e-type=\"widget\" data-widget_type=\"image.default\">\n\t\t\t\t<div class=\"elementor-widget-container\">\n\t\t\t\t\t\t\t\t\t\t\t\t\t\t\t<img fetchpriority=\"high\" decoding=\"async\" width=\"1024\" height=\"682\" src=\"https:\/\/eibarkultura.eus\/wp-content\/uploads\/2023\/12\/pagatxa-1024x682.jpg\" class=\"attachment-large size-large wp-image-1669\" alt=\"\" srcset=\"https:\/\/eibarkultura.eus\/wp-content\/uploads\/2023\/12\/pagatxa-1024x682.jpg 1024w, https:\/\/eibarkultura.eus\/wp-content\/uploads\/2023\/12\/pagatxa-300x200.jpg 300w, https:\/\/eibarkultura.eus\/wp-content\/uploads\/2023\/12\/pagatxa-768x512.jpg 768w, https:\/\/eibarkultura.eus\/wp-content\/uploads\/2023\/12\/pagatxa-391x260.jpg 391w, https:\/\/eibarkultura.eus\/wp-content\/uploads\/2023\/12\/pagatxa-1536x1024.jpg 1536w, https:\/\/eibarkultura.eus\/wp-content\/uploads\/2023\/12\/pagatxa-370x247.jpg 370w, https:\/\/eibarkultura.eus\/wp-content\/uploads\/2023\/12\/pagatxa-840x560.jpg 840w, https:\/\/eibarkultura.eus\/wp-content\/uploads\/2023\/12\/pagatxa-410x273.jpg 410w, https:\/\/eibarkultura.eus\/wp-content\/uploads\/2023\/12\/pagatxa.jpg 2000w\" sizes=\"(max-width: 1024px) 100vw, 1024px\" \/>\t\t\t\t\t\t\t\t\t\t\t\t\t\t\t<\/div>\n\t\t\t\t<\/div>\n\t\t\t\t<div class=\"elementor-element elementor-element-4dadf50 sc_fly_static elementor-widget elementor-widget-heading\" data-id=\"4dadf50\" data-element_type=\"widget\" data-e-type=\"widget\" data-widget_type=\"heading.default\">\n\t\t\t\t<div class=\"elementor-widget-container\">\n\t\t\t\t\t<h2 class=\"elementor-heading-title elementor-size-default\">PAGATXA<\/h2>\t\t\t\t<\/div>\n\t\t\t\t<\/div>\n\t\t\t\t\t<\/div>\n\t\t<\/div>\n\t\t\t\t<div class=\"elementor-column elementor-col-33 elementor-top-column elementor-element elementor-element-c7345d2 sc_content_align_inherit sc_layouts_column_icons_position_left sc_fly_static\" data-id=\"c7345d2\" data-element_type=\"column\" data-e-type=\"column\" data-settings=\"{&quot;background_background&quot;:&quot;classic&quot;}\">\n\t\t\t<div class=\"elementor-widget-wrap elementor-element-populated\">\n\t\t\t\t\t\t<div class=\"elementor-element elementor-element-ed1c71b elementor-position-inline-start elementor-view-default elementor-mobile-position-block-start sc_fly_static elementor-widget elementor-widget-icon-box\" data-id=\"ed1c71b\" data-element_type=\"widget\" data-e-type=\"widget\" data-widget_type=\"icon-box.default\">\n\t\t\t\t<div class=\"elementor-widget-container\">\n\t\t\t\t\t\t\t<div class=\"elementor-icon-box-wrapper\">\n\n\t\t\t\t\t\t<div class=\"elementor-icon-box-icon\">\n\t\t\t\t<span  class=\"elementor-icon\">\n\t\t\t\t<i aria-hidden=\"true\" class=\"far fa-folder\"><\/i>\t\t\t\t<\/span>\n\t\t\t<\/div>\n\t\t\t\n\t\t\t\t\t\t<div class=\"elementor-icon-box-content\">\n\n\t\t\t\t\t\t\t\t\t<h3 class=\"elementor-icon-box-title\">\n\t\t\t\t\t\t<span  >\n\t\t\t\t\t\t\tCATEGOR\u00cdA\t\t\t\t\t\t<\/span>\n\t\t\t\t\t<\/h3>\n\t\t\t\t\n\t\t\t\t\t\t\t\t\t<p class=\"elementor-icon-box-description\">\n\t\t\t\t\t\tIgualdad\t\t\t\t\t<\/p>\n\t\t\t\t\n\t\t\t<\/div>\n\t\t\t\n\t\t<\/div>\n\t\t\t\t\t\t<\/div>\n\t\t\t\t<\/div>\n\t\t\t\t<div class=\"elementor-element elementor-element-40fcf0d elementor-position-inline-start elementor-view-default elementor-mobile-position-block-start sc_fly_static elementor-widget elementor-widget-icon-box\" data-id=\"40fcf0d\" data-element_type=\"widget\" data-e-type=\"widget\" data-widget_type=\"icon-box.default\">\n\t\t\t\t<div class=\"elementor-widget-container\">\n\t\t\t\t\t\t\t<div class=\"elementor-icon-box-wrapper\">\n\n\t\t\t\t\t\t<div class=\"elementor-icon-box-icon\">\n\t\t\t\t<a href=\"mailto:pagatxa22@gmail.com\" class=\"elementor-icon\" tabindex=\"-1\" aria-label=\"CONTACTO\">\n\t\t\t\t<i aria-hidden=\"true\" class=\"far fa-envelope\"><\/i>\t\t\t\t<\/a>\n\t\t\t<\/div>\n\t\t\t\n\t\t\t\t\t\t<div class=\"elementor-icon-box-content\">\n\n\t\t\t\t\t\t\t\t\t<h3 class=\"elementor-icon-box-title\">\n\t\t\t\t\t\t<a href=\"mailto:pagatxa22@gmail.com\" >\n\t\t\t\t\t\t\tCONTACTO\t\t\t\t\t\t<\/a>\n\t\t\t\t\t<\/h3>\n\t\t\t\t\n\t\t\t\t\t\t\t\t\t<p class=\"elementor-icon-box-description\">\n\t\t\t\t\t\tpagatxa22@gmail.com\n\t\t\t\t\t<\/p>\n\t\t\t\t\n\t\t\t<\/div>\n\t\t\t\n\t\t<\/div>\n\t\t\t\t\t\t<\/div>\n\t\t\t\t<\/div>\n\t\t\t\t<div class=\"elementor-element elementor-element-3363473 elementor-position-inline-start elementor-view-default elementor-mobile-position-block-start sc_fly_static elementor-widget elementor-widget-icon-box\" data-id=\"3363473\" data-element_type=\"widget\" data-e-type=\"widget\" data-widget_type=\"icon-box.default\">\n\t\t\t\t<div class=\"elementor-widget-container\">\n\t\t\t\t\t\t\t<div class=\"elementor-icon-box-wrapper\">\n\n\t\t\t\t\t\t<div class=\"elementor-icon-box-icon\">\n\t\t\t\t<a href=\"tel:649881374\" class=\"elementor-icon\" tabindex=\"-1\" aria-label=\"TEL\u00c9FONO\">\n\t\t\t\t<i aria-hidden=\"true\" class=\"far fa-user\"><\/i>\t\t\t\t<\/a>\n\t\t\t<\/div>\n\t\t\t\n\t\t\t\t\t\t<div class=\"elementor-icon-box-content\">\n\n\t\t\t\t\t\t\t\t\t<h3 class=\"elementor-icon-box-title\">\n\t\t\t\t\t\t<a href=\"tel:649881374\" >\n\t\t\t\t\t\t\tTEL\u00c9FONO\t\t\t\t\t\t<\/a>\n\t\t\t\t\t<\/h3>\n\t\t\t\t\n\t\t\t\t\t\t\t\t\t<p class=\"elementor-icon-box-description\">\n\t\t\t\t\t\t649 881 374\t\t\t\t\t<\/p>\n\t\t\t\t\n\t\t\t<\/div>\n\t\t\t\n\t\t<\/div>\n\t\t\t\t\t\t<\/div>\n\t\t\t\t<\/div>\n\t\t\t\t<div class=\"elementor-element elementor-element-882c75f sc_fly_static elementor-widget elementor-widget-heading\" data-id=\"882c75f\" data-element_type=\"widget\" data-e-type=\"widget\" data-widget_type=\"heading.default\">\n\t\t\t\t<div class=\"elementor-widget-container\">\n\t\t\t\t\t<p class=\"elementor-heading-title elementor-size-default\">COMPARTIR ACTIVIDAD<\/p>\t\t\t\t<\/div>\n\t\t\t\t<\/div>\n\t\t\t\t<div class=\"elementor-element elementor-element-0f3ad96 sc_height_tiny elementor-widget-divider--view-line sc_fly_static elementor-widget elementor-widget-divider\" data-id=\"0f3ad96\" data-element_type=\"widget\" data-e-type=\"widget\" data-widget_type=\"divider.default\">\n\t\t\t\t<div class=\"elementor-widget-container\">\n\t\t\t\t\t\t\t<div class=\"elementor-divider\">\n\t\t\t<span class=\"elementor-divider-separator\">\n\t\t\t\t\t\t<\/span>\n\t\t<\/div>\n\t\t\t\t\t\t<\/div>\n\t\t\t\t<\/div>\n\t\t\t\t<div class=\"elementor-element elementor-element-8146bc0 sc_fly_static elementor-widget elementor-widget-html\" data-id=\"8146bc0\" data-element_type=\"widget\" data-e-type=\"widget\" data-widget_type=\"html.default\">\n\t\t\t\t<div class=\"elementor-widget-container\">\n\t\t\t\t\t<!-- AddToAny BEGIN -->\r\n<div class=\"a2a_kit a2a_kit_size_32 a2a_default_style\">\r\n<a class=\"a2a_button_facebook\"><\/a>\r\n<a class=\"a2a_button_x\"><\/a>\r\n<a class=\"a2a_button_linkedin\"><\/a>\r\n<a class=\"a2a_button_email\"><\/a>\r\n<\/div>\r\n<script async src=\"https:\/\/static.addtoany.com\/menu\/page.js\"><\/script>\r\n<!-- AddToAny END -->\t\t\t\t<\/div>\n\t\t\t\t<\/div>\n\t\t\t\t\t<\/div>\n\t\t<\/div>\n\t\t\t\t\t<\/div>\n\t\t<\/section>\n\t\t\t\t<section class=\"elementor-section elementor-top-section elementor-element elementor-element-1c24ffc elementor-section-boxed elementor-section-height-default elementor-section-height-default sc_fly_static\" data-id=\"1c24ffc\" data-element_type=\"section\" data-e-type=\"section\">\n\t\t\t\t\t\t<div class=\"elementor-container elementor-column-gap-extended\">\n\t\t\t\t\t<div class=\"elementor-column elementor-col-50 elementor-top-column elementor-element elementor-element-66a91cc sc_content_align_inherit sc_layouts_column_icons_position_left sc_fly_static\" data-id=\"66a91cc\" data-element_type=\"column\" data-e-type=\"column\" data-settings=\"{&quot;background_background&quot;:&quot;classic&quot;}\">\n\t\t\t<div class=\"elementor-widget-wrap elementor-element-populated\">\n\t\t\t\t\t\t<div class=\"elementor-element elementor-element-ecadaf4 sin-espacio sc_fly_static elementor-widget elementor-widget-text-editor\" data-id=\"ecadaf4\" data-element_type=\"widget\" data-e-type=\"widget\" data-widget_type=\"text-editor.default\">\n\t\t\t\t<div class=\"elementor-widget-container\">\n\t\t\t\t\t\t\t\t\t<p class=\"sin-espacio\">CINE FORUM FEMINISTA<\/p>\t\t\t\t\t\t\t\t<\/div>\n\t\t\t\t<\/div>\n\t\t\t\t<div class=\"elementor-element elementor-element-1fe116d sc_fly_static elementor-widget elementor-widget-text-editor\" data-id=\"1fe116d\" data-element_type=\"widget\" data-e-type=\"widget\" data-widget_type=\"text-editor.default\">\n\t\t\t\t<div class=\"elementor-widget-container\">\n\t\t\t\t\t\t\t\t\t<p><strong>Figuras Ocultas<\/strong><\/p>\t\t\t\t\t\t\t\t<\/div>\n\t\t\t\t<\/div>\n\t\t\t\t<div class=\"elementor-element elementor-element-6b4b41d sin-espacio sc_fly_static elementor-widget elementor-widget-text-editor\" data-id=\"6b4b41d\" data-element_type=\"widget\" data-e-type=\"widget\" data-widget_type=\"text-editor.default\">\n\t\t\t\t<div class=\"elementor-widget-container\">\n\t\t\t\t\t\t\t\t\t<p class=\"sin-espacio\"><strong>17 ABRIL, 18:30 &#8211; PORTALEA<\/strong><\/p>\t\t\t\t\t\t\t\t<\/div>\n\t\t\t\t<\/div>\n\t\t\t\t<div class=\"elementor-element elementor-element-a0c7395 sin-espacio sc_fly_static elementor-widget elementor-widget-text-editor\" data-id=\"a0c7395\" data-element_type=\"widget\" data-e-type=\"widget\" data-widget_type=\"text-editor.default\">\n\t\t\t\t<div class=\"elementor-widget-container\">\n\t\t\t\t\t\t\t\t\t<p class=\"sin-espacio\">V\u00cdDEO FORUM<\/p>\t\t\t\t\t\t\t\t<\/div>\n\t\t\t\t<\/div>\n\t\t\t\t<div class=\"elementor-element elementor-element-a561958 sc_fly_static elementor-widget elementor-widget-text-editor\" data-id=\"a561958\" data-element_type=\"widget\" data-e-type=\"widget\" data-widget_type=\"text-editor.default\">\n\t\t\t\t<div class=\"elementor-widget-container\">\n\t\t\t\t\t\t\t\t\t<p><strong>Solas &#8211; Dinamizadora Patricia Perex Coto.<\/strong><\/p>\t\t\t\t\t\t\t\t<\/div>\n\t\t\t\t<\/div>\n\t\t\t\t<div class=\"elementor-element elementor-element-2c03414 sin-espacio sc_fly_static elementor-widget elementor-widget-text-editor\" data-id=\"2c03414\" data-element_type=\"widget\" data-e-type=\"widget\" data-widget_type=\"text-editor.default\">\n\t\t\t\t<div class=\"elementor-widget-container\">\n\t\t\t\t\t\t\t\t\t<p class=\"sin-espacio\"><strong>21 ABRIL, 17:00 &#8211; ANDRETXEA<\/strong><\/p>\t\t\t\t\t\t\t\t<\/div>\n\t\t\t\t<\/div>\n\t\t\t\t<div class=\"elementor-element elementor-element-18a32e0 sin-espacio sc_fly_static elementor-widget elementor-widget-text-editor\" data-id=\"18a32e0\" data-element_type=\"widget\" data-e-type=\"widget\" data-widget_type=\"text-editor.default\">\n\t\t\t\t<div class=\"elementor-widget-container\">\n\t\t\t\t\t\t\t\t\t<p class=\"sin-espacio\">ACTIVIDADES<\/p>\t\t\t\t\t\t\t\t<\/div>\n\t\t\t\t<\/div>\n\t\t\t\t<div class=\"elementor-element elementor-element-4fd1dbe sc_fly_static elementor-widget elementor-widget-text-editor\" data-id=\"4fd1dbe\" data-element_type=\"widget\" data-e-type=\"widget\" data-widget_type=\"text-editor.default\">\n\t\t\t\t<div class=\"elementor-widget-container\">\n\t\t\t\t\t\t\t\t\t<p>\u00b7 Taller de escritura, un mi\u00e9rcoles al mes.<\/p><p>\u00b7 Taller de lectura, un mi\u00e9rcoles al mes.<\/p><p>\u00b7 Baile, sevillanas y ronda cubana: 687 967 927<\/p><p>\u00b7 Yoga: 615 769 110<\/p><p>\u00b7 Respiraci\u00f3n consciente: 627 212 100<\/p><p>\u00b7 Expresi\u00f3n corporal: informaci\u00f3n en KAXA.<\/p>\t\t\t\t\t\t\t\t<\/div>\n\t\t\t\t<\/div>\n\t\t\t\t\t<\/div>\n\t\t<\/div>\n\t\t\t\t<div class=\"elementor-column elementor-col-50 elementor-top-column elementor-element elementor-element-37b768c sc_content_align_inherit sc_layouts_column_icons_position_left sc_fly_static\" data-id=\"37b768c\" data-element_type=\"column\" data-e-type=\"column\">\n\t\t\t<div class=\"elementor-widget-wrap\">\n\t\t\t\t\t\t\t<\/div>\n\t\t<\/div>\n\t\t\t\t\t<\/div>\n\t\t<\/section>\n\t\t\t\t<\/div>\n\t\t","protected":false},"excerpt":{"rendered":"<p>PAGATXA CATEGOR\u00cdA Igualdad CONTACTO pagatxa22@gmail.com TEL\u00c9FONO 649 881 374 COMPARTIR ACTIVIDAD CINE FORUM FEMINISTA Figuras Ocultas 17 ABRIL, 18:30 &#8211; PORTALEA V\u00cdDEO FORUM Solas &#8211; Dinamizadora Patricia Perex Coto. 21&hellip;<\/p>\n","protected":false},"author":1,"featured_media":0,"parent":0,"menu_order":4,"comment_status":"closed","ping_status":"closed","template":"","meta":{"footnotes":""},"class_list":["post-950","page","type-page","status-publish","hentry"],"yoast_head":"<!-- This site is optimized with the Yoast SEO plugin v27.4 - https:\/\/yoast.com\/product\/yoast-seo-wordpress\/ -->\n<title>Pagatxa | Igualdad en Eibar<\/title>\n<meta name=\"description\" content=\"Pagatxa (Eibar): cinef\u00f3rum feminista y videof\u00f3rum en Portalea y Andretxea, m\u00e1s talleres y actividades (escritura, lectura, yoga, baile\u2026)\" \/>\n<meta name=\"robots\" content=\"index, follow, max-snippet:-1, max-image-preview:large, max-video-preview:-1\" \/>\n<link rel=\"canonical\" href=\"https:\/\/eibarkultura.eus\/es\/pagatxa\/\" \/>\n<meta property=\"og:locale\" content=\"es_ES\" \/>\n<meta property=\"og:type\" content=\"article\" \/>\n<meta property=\"og:title\" content=\"Pagatxa | Igualdad en Eibar\" \/>\n<meta property=\"og:description\" content=\"Pagatxa (Eibar): cinef\u00f3rum feminista y videof\u00f3rum en Portalea y Andretxea, m\u00e1s talleres y actividades (escritura, lectura, yoga, baile\u2026)\" \/>\n<meta property=\"og:url\" content=\"https:\/\/eibarkultura.eus\/es\/pagatxa\/\" \/>\n<meta property=\"og:site_name\" content=\"Eibarko Kultur Gida\" \/>\n<meta property=\"article:modified_time\" content=\"2026-04-01T08:28:23+00:00\" \/>\n<meta property=\"og:image\" content=\"https:\/\/eibarkultura.eus\/wp-content\/uploads\/2023\/12\/pagatxa.jpg\" \/>\n\t<meta property=\"og:image:width\" content=\"2000\" \/>\n\t<meta property=\"og:image:height\" content=\"1333\" \/>\n\t<meta property=\"og:image:type\" content=\"image\/jpeg\" \/>\n<meta name=\"twitter:card\" content=\"summary_large_image\" \/>\n<meta name=\"twitter:label1\" content=\"Tiempo de lectura\" \/>\n\t<meta name=\"twitter:data1\" content=\"1 minuto\" \/>\n<script type=\"application\/ld+json\" class=\"yoast-schema-graph\">{\"@context\":\"https:\\\/\\\/schema.org\",\"@graph\":[{\"@type\":\"WebPage\",\"@id\":\"https:\\\/\\\/eibarkultura.eus\\\/es\\\/pagatxa\\\/\",\"url\":\"https:\\\/\\\/eibarkultura.eus\\\/es\\\/pagatxa\\\/\",\"name\":\"Pagatxa | Igualdad en Eibar\",\"isPartOf\":{\"@id\":\"https:\\\/\\\/eibarkultura.eus\\\/es\\\/#website\"},\"primaryImageOfPage\":{\"@id\":\"https:\\\/\\\/eibarkultura.eus\\\/es\\\/pagatxa\\\/#primaryimage\"},\"image\":{\"@id\":\"https:\\\/\\\/eibarkultura.eus\\\/es\\\/pagatxa\\\/#primaryimage\"},\"thumbnailUrl\":\"https:\\\/\\\/eibarkultura.eus\\\/wp-content\\\/uploads\\\/2023\\\/12\\\/pagatxa-1024x682.jpg\",\"datePublished\":\"2023-12-05T07:18:47+00:00\",\"dateModified\":\"2026-04-01T08:28:23+00:00\",\"description\":\"Pagatxa (Eibar): cinef\u00f3rum feminista y videof\u00f3rum en Portalea y Andretxea, m\u00e1s talleres y actividades (escritura, lectura, yoga, baile\u2026)\",\"breadcrumb\":{\"@id\":\"https:\\\/\\\/eibarkultura.eus\\\/es\\\/pagatxa\\\/#breadcrumb\"},\"inLanguage\":\"es\",\"potentialAction\":[{\"@type\":\"ReadAction\",\"target\":[\"https:\\\/\\\/eibarkultura.eus\\\/es\\\/pagatxa\\\/\"]}]},{\"@type\":\"ImageObject\",\"inLanguage\":\"es\",\"@id\":\"https:\\\/\\\/eibarkultura.eus\\\/es\\\/pagatxa\\\/#primaryimage\",\"url\":\"https:\\\/\\\/eibarkultura.eus\\\/wp-content\\\/uploads\\\/2023\\\/12\\\/pagatxa-1024x682.jpg\",\"contentUrl\":\"https:\\\/\\\/eibarkultura.eus\\\/wp-content\\\/uploads\\\/2023\\\/12\\\/pagatxa-1024x682.jpg\"},{\"@type\":\"BreadcrumbList\",\"@id\":\"https:\\\/\\\/eibarkultura.eus\\\/es\\\/pagatxa\\\/#breadcrumb\",\"itemListElement\":[{\"@type\":\"ListItem\",\"position\":1,\"name\":\"Hasiera\",\"item\":\"https:\\\/\\\/eibarkultura.eus\\\/es\\\/inicio\\\/\"},{\"@type\":\"ListItem\",\"position\":2,\"name\":\"Pagatxa\"}]},{\"@type\":\"WebSite\",\"@id\":\"https:\\\/\\\/eibarkultura.eus\\\/es\\\/#website\",\"url\":\"https:\\\/\\\/eibarkultura.eus\\\/es\\\/\",\"name\":\"Eibarko Kultura\",\"description\":\"Bizi Kultura\",\"publisher\":{\"@id\":\"https:\\\/\\\/eibarkultura.eus\\\/es\\\/#organization\"},\"potentialAction\":[{\"@type\":\"SearchAction\",\"target\":{\"@type\":\"EntryPoint\",\"urlTemplate\":\"https:\\\/\\\/eibarkultura.eus\\\/es\\\/?s={search_term_string}\"},\"query-input\":{\"@type\":\"PropertyValueSpecification\",\"valueRequired\":true,\"valueName\":\"search_term_string\"}}],\"inLanguage\":\"es\"},{\"@type\":\"Organization\",\"@id\":\"https:\\\/\\\/eibarkultura.eus\\\/es\\\/#organization\",\"name\":\"Eibarko Kultura\",\"url\":\"https:\\\/\\\/eibarkultura.eus\\\/es\\\/\",\"logo\":{\"@type\":\"ImageObject\",\"inLanguage\":\"es\",\"@id\":\"https:\\\/\\\/eibarkultura.eus\\\/es\\\/#\\\/schema\\\/logo\\\/image\\\/\",\"url\":\"https:\\\/\\\/eibarkultura.eus\\\/wp-content\\\/uploads\\\/2023\\\/11\\\/Eibar-Kultura_Logo.png\",\"contentUrl\":\"https:\\\/\\\/eibarkultura.eus\\\/wp-content\\\/uploads\\\/2023\\\/11\\\/Eibar-Kultura_Logo.png\",\"width\":1169,\"height\":245,\"caption\":\"Eibarko Kultura\"},\"image\":{\"@id\":\"https:\\\/\\\/eibarkultura.eus\\\/es\\\/#\\\/schema\\\/logo\\\/image\\\/\"}}]}<\/script>\n<!-- \/ Yoast SEO plugin. -->","yoast_head_json":{"title":"Pagatxa | Igualdad en Eibar","description":"Pagatxa (Eibar): cinef\u00f3rum feminista y videof\u00f3rum en Portalea y Andretxea, m\u00e1s talleres y actividades (escritura, lectura, yoga, baile\u2026)","robots":{"index":"index","follow":"follow","max-snippet":"max-snippet:-1","max-image-preview":"max-image-preview:large","max-video-preview":"max-video-preview:-1"},"canonical":"https:\/\/eibarkultura.eus\/es\/pagatxa\/","og_locale":"es_ES","og_type":"article","og_title":"Pagatxa | Igualdad en Eibar","og_description":"Pagatxa (Eibar): cinef\u00f3rum feminista y videof\u00f3rum en Portalea y Andretxea, m\u00e1s talleres y actividades (escritura, lectura, yoga, baile\u2026)","og_url":"https:\/\/eibarkultura.eus\/es\/pagatxa\/","og_site_name":"Eibarko Kultur Gida","article_modified_time":"2026-04-01T08:28:23+00:00","og_image":[{"width":2000,"height":1333,"url":"https:\/\/eibarkultura.eus\/wp-content\/uploads\/2023\/12\/pagatxa.jpg","type":"image\/jpeg"}],"twitter_card":"summary_large_image","twitter_misc":{"Tiempo de lectura":"1 minuto"},"schema":{"@context":"https:\/\/schema.org","@graph":[{"@type":"WebPage","@id":"https:\/\/eibarkultura.eus\/es\/pagatxa\/","url":"https:\/\/eibarkultura.eus\/es\/pagatxa\/","name":"Pagatxa | Igualdad en Eibar","isPartOf":{"@id":"https:\/\/eibarkultura.eus\/es\/#website"},"primaryImageOfPage":{"@id":"https:\/\/eibarkultura.eus\/es\/pagatxa\/#primaryimage"},"image":{"@id":"https:\/\/eibarkultura.eus\/es\/pagatxa\/#primaryimage"},"thumbnailUrl":"https:\/\/eibarkultura.eus\/wp-content\/uploads\/2023\/12\/pagatxa-1024x682.jpg","datePublished":"2023-12-05T07:18:47+00:00","dateModified":"2026-04-01T08:28:23+00:00","description":"Pagatxa (Eibar): cinef\u00f3rum feminista y videof\u00f3rum en Portalea y Andretxea, m\u00e1s talleres y actividades (escritura, lectura, yoga, baile\u2026)","breadcrumb":{"@id":"https:\/\/eibarkultura.eus\/es\/pagatxa\/#breadcrumb"},"inLanguage":"es","potentialAction":[{"@type":"ReadAction","target":["https:\/\/eibarkultura.eus\/es\/pagatxa\/"]}]},{"@type":"ImageObject","inLanguage":"es","@id":"https:\/\/eibarkultura.eus\/es\/pagatxa\/#primaryimage","url":"https:\/\/eibarkultura.eus\/wp-content\/uploads\/2023\/12\/pagatxa-1024x682.jpg","contentUrl":"https:\/\/eibarkultura.eus\/wp-content\/uploads\/2023\/12\/pagatxa-1024x682.jpg"},{"@type":"BreadcrumbList","@id":"https:\/\/eibarkultura.eus\/es\/pagatxa\/#breadcrumb","itemListElement":[{"@type":"ListItem","position":1,"name":"Hasiera","item":"https:\/\/eibarkultura.eus\/es\/inicio\/"},{"@type":"ListItem","position":2,"name":"Pagatxa"}]},{"@type":"WebSite","@id":"https:\/\/eibarkultura.eus\/es\/#website","url":"https:\/\/eibarkultura.eus\/es\/","name":"Eibarko Kultura","description":"Bizi Kultura","publisher":{"@id":"https:\/\/eibarkultura.eus\/es\/#organization"},"potentialAction":[{"@type":"SearchAction","target":{"@type":"EntryPoint","urlTemplate":"https:\/\/eibarkultura.eus\/es\/?s={search_term_string}"},"query-input":{"@type":"PropertyValueSpecification","valueRequired":true,"valueName":"search_term_string"}}],"inLanguage":"es"},{"@type":"Organization","@id":"https:\/\/eibarkultura.eus\/es\/#organization","name":"Eibarko Kultura","url":"https:\/\/eibarkultura.eus\/es\/","logo":{"@type":"ImageObject","inLanguage":"es","@id":"https:\/\/eibarkultura.eus\/es\/#\/schema\/logo\/image\/","url":"https:\/\/eibarkultura.eus\/wp-content\/uploads\/2023\/11\/Eibar-Kultura_Logo.png","contentUrl":"https:\/\/eibarkultura.eus\/wp-content\/uploads\/2023\/11\/Eibar-Kultura_Logo.png","width":1169,"height":245,"caption":"Eibarko Kultura"},"image":{"@id":"https:\/\/eibarkultura.eus\/es\/#\/schema\/logo\/image\/"}}]}},"_links":{"self":[{"href":"https:\/\/eibarkultura.eus\/es\/wp-json\/wp\/v2\/pages\/950","targetHints":{"allow":["GET"]}}],"collection":[{"href":"https:\/\/eibarkultura.eus\/es\/wp-json\/wp\/v2\/pages"}],"about":[{"href":"https:\/\/eibarkultura.eus\/es\/wp-json\/wp\/v2\/types\/page"}],"author":[{"embeddable":true,"href":"https:\/\/eibarkultura.eus\/es\/wp-json\/wp\/v2\/users\/1"}],"replies":[{"embeddable":true,"href":"https:\/\/eibarkultura.eus\/es\/wp-json\/wp\/v2\/comments?post=950"}],"version-history":[{"count":168,"href":"https:\/\/eibarkultura.eus\/es\/wp-json\/wp\/v2\/pages\/950\/revisions"}],"predecessor-version":[{"id":13699,"href":"https:\/\/eibarkultura.eus\/es\/wp-json\/wp\/v2\/pages\/950\/revisions\/13699"}],"wp:attachment":[{"href":"https:\/\/eibarkultura.eus\/es\/wp-json\/wp\/v2\/media?parent=950"}],"curies":[{"name":"wp","href":"https:\/\/api.w.org\/{rel}","templated":true}]}}