{"id":1485,"date":"2020-08-27T08:23:10","date_gmt":"2020-08-27T06:23:10","guid":{"rendered":"https:\/\/eibarkultura.eus\/cookien-politika\/"},"modified":"2025-09-29T08:27:04","modified_gmt":"2025-09-29T06:27:04","slug":"politica-cookies","status":"publish","type":"page","link":"https:\/\/eibarkultura.eus\/es\/politica-cookies\/","title":{"rendered":"Pol\u00edtica de cookies"},"content":{"rendered":"\t\t<div data-elementor-type=\"wp-page\" data-elementor-id=\"1485\" class=\"elementor elementor-1485 elementor-49\">\n\t\t\t\t\t\t<section class=\"elementor-section elementor-top-section elementor-element elementor-element-325689c3 elementor-section-boxed elementor-section-height-default elementor-section-height-default sc_fly_static\" data-id=\"325689c3\" data-element_type=\"section\" data-e-type=\"section\" data-settings=\"{&quot;background_background&quot;:&quot;classic&quot;}\">\n\t\t\t\t\t\t<div class=\"elementor-container elementor-column-gap-extended\">\n\t\t\t\t\t<div class=\"elementor-column elementor-col-100 elementor-top-column elementor-element elementor-element-c0ce289 sc_content_align_inherit sc_layouts_column_icons_position_left sc_fly_static\" data-id=\"c0ce289\" data-element_type=\"column\" data-e-type=\"column\">\n\t\t\t<div class=\"elementor-widget-wrap elementor-element-populated\">\n\t\t\t\t\t\t<div class=\"elementor-element elementor-element-d1bef33 sc_fly_static elementor-widget elementor-widget-html\" data-id=\"d1bef33\" data-element_type=\"widget\" data-e-type=\"widget\" data-widget_type=\"html.default\">\n\t\t\t\t<div class=\"elementor-widget-container\">\n\t\t\t\t\t<style>\r\n    a.cky-banner-element {\r\n        padding: 8px 30px;\r\n        background: #F8F9FA;\r\n        color: #858A8F;\r\n        border: 1px solid #DEE2E6;\r\n        box-sizing: border-box;\r\n        border-radius: 2px;\r\n        cursor: pointer;\r\n}\r\n<\/style>\r\n<h1 class=\"cookie-policy-h1\">Pol\u00edtica de cookies<\/h1>\r\n<p>\r\n    Texto actualizado el 15 de diciembre de 2023\r\n<\/p>\r\n\r\n<h5>\u00bfQu\u00e9 son las cookies?<\/h5>\r\n<div class=\"cookie-policy-p\"><p>La pol\u00edtica de cookies explica qu\u00e9 son y c\u00f3mo utilizamos las cookies, qu\u00e9 tipos de cookies utilizamos, qu\u00e9 informaci\u00f3n recopilamos utilizando cookies, c\u00f3mo se utiliza esa informaci\u00f3n, y c\u00f3mo gestionar la configuraci\u00f3n de las cookies.\r\n\r\nCuando el sitio web se carga en el navegador se guarda en tu dispositivo. Estas cookies nos ayudan a que el sitio web funcione correctamente, a que sea m\u00e1s seguro, a que la experiencia de usuario sea mejor, y a entender c\u00f3mo funciona y qu\u00e9 debemos mejorar.<\/p><\/div>\r\n\r\n<h5>\u00bfC\u00f3mo utilizamos las cookies?\r\n<\/h5>\r\n<div class=\"cookie-policy-p\"><p>Como la mayor\u00eda de los servicios online, nuestro sitio web utiliza cookies de primer y tercer nivel con diferentes fines. Las cookies de primer nivel son necesarias para el correcto funcionamiento del sitio web y no contienen sus datos personales.<\/p>\r\n<p>Las cookies de terceros utilizadas en nuestro sitio web consisten principalmente en comprender c\u00f3mo funciona el sitio web, c\u00f3mo interact\u00faas con nuestro sitio web, mantener seguros nuestros servicios, ofrecer anuncios importantes para ti y, en general, aportar una mejor experiencia de usuario y ayudar a acelerar las interacciones con nuestro sitio web en el futuro.<\/p><\/div>\r\n\r\n&nbsp;\r\n    <h5>Pol\u00edtica de cookies<\/h5>\r\n\r\n    <div class=\"cky-audit-table-element\"><\/div>\r\n\r\n&nbsp;\r\n    <h5 style=\"margin-bottom:20px;\">Ajustes<\/h5>\r\n\r\n    <a class=\"cky-banner-element\">Ajustes<\/a> <br\/>\r\n\r\n    <div><p>En cualquier momento podr\u00e1s modificar las preferencias de las cookies pulsando el bot\u00f3n anterior. As\u00ed podr\u00e1s revisar el panel de aprobaci\u00f3n de cookies y podr\u00e1s modificar tus preferencias o inhabilitar tu consentimiento.<\/p><p>Adem\u00e1s, varios navegadores ofrecen diferentes m\u00e9todos para bloquear y eliminar las cookies utilizadas por los sitios web. Puedes modificar la configuraci\u00f3n de tu navegador para bloquear\/eliminar cookies. A continuaci\u00f3n se muestran los enlaces a los documentos soporte para gestionar y eliminar las cookies de los principales navegadores web.<\/p><p>Chrome: <a target=\"_blank\" rel=\"noopener noreferrer\" href=\"https:\/\/support.google.com\/accounts\/answer\/32050\">https:\/\/support.google.com\/accounts\/answer\/32050<\/a><\/p><p>Safari: <a target=\"_blank\" rel=\"noopener noreferrer\" href=\"https:\/\/support.apple.com\/en-in\/guide\/safari\/sfri11471\/mac\">https:\/\/support.apple.com\/en-in\/guide\/safari\/sfri11471\/mac<\/a><\/p><p>Firefox: <a target=\"_blank\" rel=\"noopener noreferrer\" href=\"https:\/\/support.mozilla.org\/en-US\/kb\/clear-cookies-and-site-data-firefox?redirectslug=delete-cookies-remove-info-websites-stored&amp;redirectlocale=en-US\">https:\/\/support.mozilla.org\/en-US\/kb\/clear-cookies-and-site-data-firefox?redirectslug=delete-cookies-remove-info-websites-stored&amp;redirectlocale=en-US<\/a><\/p><p>Internet Explorer: <a target=\"_blank\" rel=\"noopener noreferrer\" href=\"https:\/\/support.microsoft.com\/en-us\/topic\/how-to-delete-cookie-files-in-internet-explorer-bca9446f-d873-78de-77ba-d42645fa52fc\">https:\/\/support.microsoft.com\/en-us\/topic\/how-to-delete-cookie-files-in-internet-explorer-bca9446f-d873-78de-77ba-d42645fa52fc<\/a><\/p><p>Si est\u00e1 utilizando otro navegador web, por favor visite el documento oficial de su navegadork.<\/p><\/div>\r\n<p class=\"cookie-policy-p\">\r\n    Pol\u00edtica de cookies generada por  <a target=\"_blank\" href=\"https:\/\/www.cookieyes.com\/?utm_source=CP&utm_medium=footer&utm_campaign=UW\">CookieYes - Cookie Policy Generator<\/a>.\r\n<\/p>\t\t\t\t<\/div>\n\t\t\t\t<\/div>\n\t\t\t\t\t<\/div>\n\t\t<\/div>\n\t\t\t\t\t<\/div>\n\t\t<\/section>\n\t\t\t\t<\/div>\n\t\t","protected":false},"excerpt":{"rendered":"<p>Pol\u00edtica de cookies Texto actualizado el 15 de diciembre de 2023 \u00bfQu\u00e9 son las cookies? La pol\u00edtica de cookies explica qu\u00e9 son y c\u00f3mo utilizamos las cookies, qu\u00e9 tipos de&hellip;<\/p>\n","protected":false},"author":1,"featured_media":0,"parent":0,"menu_order":100,"comment_status":"closed","ping_status":"closed","template":"","meta":{"footnotes":""},"class_list":["post-1485","page","type-page","status-publish","hentry"],"yoast_head":"<!-- This site is optimized with the Yoast SEO plugin v27.5 - https:\/\/yoast.com\/product\/yoast-seo-wordpress\/ -->\n<title>Pol\u00edtica de cookies - Eibarko Kultur Gida<\/title>\n<meta name=\"robots\" content=\"noindex, nofollow\" \/>\n<meta property=\"og:locale\" content=\"es_ES\" \/>\n<meta property=\"og:type\" content=\"article\" \/>\n<meta property=\"og:title\" content=\"Pol\u00edtica de cookies - Eibarko Kultur Gida\" \/>\n<meta property=\"og:description\" content=\"Pol\u00edtica de cookies Texto actualizado el 15 de diciembre de 2023 \u00bfQu\u00e9 son las cookies? La pol\u00edtica de cookies explica qu\u00e9 son y c\u00f3mo utilizamos las cookies, qu\u00e9 tipos de&hellip;\" \/>\n<meta property=\"og:url\" content=\"https:\/\/eibarkultura.eus\/es\/politica-cookies\/\" \/>\n<meta property=\"og:site_name\" content=\"Eibarko Kultur Gida\" \/>\n<meta property=\"article:modified_time\" content=\"2025-09-29T06:27:04+00:00\" \/>\n<meta name=\"twitter:card\" content=\"summary_large_image\" \/>\n<meta name=\"twitter:label1\" content=\"Tiempo de lectura\" \/>\n\t<meta name=\"twitter:data1\" content=\"2 minutos\" \/>\n<script type=\"application\/ld+json\" class=\"yoast-schema-graph\">{\"@context\":\"https:\\\/\\\/schema.org\",\"@graph\":[{\"@type\":\"WebPage\",\"@id\":\"https:\\\/\\\/eibarkultura.eus\\\/es\\\/politica-cookies\\\/\",\"url\":\"https:\\\/\\\/eibarkultura.eus\\\/es\\\/politica-cookies\\\/\",\"name\":\"Pol\u00edtica de cookies - Eibarko Kultur Gida\",\"isPartOf\":{\"@id\":\"https:\\\/\\\/eibarkultura.eus\\\/es\\\/#website\"},\"datePublished\":\"2020-08-27T06:23:10+00:00\",\"dateModified\":\"2025-09-29T06:27:04+00:00\",\"breadcrumb\":{\"@id\":\"https:\\\/\\\/eibarkultura.eus\\\/es\\\/politica-cookies\\\/#breadcrumb\"},\"inLanguage\":\"es\",\"potentialAction\":[{\"@type\":\"ReadAction\",\"target\":[\"https:\\\/\\\/eibarkultura.eus\\\/es\\\/politica-cookies\\\/\"]}]},{\"@type\":\"BreadcrumbList\",\"@id\":\"https:\\\/\\\/eibarkultura.eus\\\/es\\\/politica-cookies\\\/#breadcrumb\",\"itemListElement\":[{\"@type\":\"ListItem\",\"position\":1,\"name\":\"Hasiera\",\"item\":\"https:\\\/\\\/eibarkultura.eus\\\/es\\\/inicio\\\/\"},{\"@type\":\"ListItem\",\"position\":2,\"name\":\"Pol\u00edtica de cookies\"}]},{\"@type\":\"WebSite\",\"@id\":\"https:\\\/\\\/eibarkultura.eus\\\/es\\\/#website\",\"url\":\"https:\\\/\\\/eibarkultura.eus\\\/es\\\/\",\"name\":\"Eibarko Kultura\",\"description\":\"Bizi Kultura\",\"publisher\":{\"@id\":\"https:\\\/\\\/eibarkultura.eus\\\/es\\\/#organization\"},\"potentialAction\":[{\"@type\":\"SearchAction\",\"target\":{\"@type\":\"EntryPoint\",\"urlTemplate\":\"https:\\\/\\\/eibarkultura.eus\\\/es\\\/?s={search_term_string}\"},\"query-input\":{\"@type\":\"PropertyValueSpecification\",\"valueRequired\":true,\"valueName\":\"search_term_string\"}}],\"inLanguage\":\"es\"},{\"@type\":\"Organization\",\"@id\":\"https:\\\/\\\/eibarkultura.eus\\\/es\\\/#organization\",\"name\":\"Eibarko Kultura\",\"url\":\"https:\\\/\\\/eibarkultura.eus\\\/es\\\/\",\"logo\":{\"@type\":\"ImageObject\",\"inLanguage\":\"es\",\"@id\":\"https:\\\/\\\/eibarkultura.eus\\\/es\\\/#\\\/schema\\\/logo\\\/image\\\/\",\"url\":\"https:\\\/\\\/eibarkultura.eus\\\/wp-content\\\/uploads\\\/2023\\\/11\\\/Eibar-Kultura_Logo.png\",\"contentUrl\":\"https:\\\/\\\/eibarkultura.eus\\\/wp-content\\\/uploads\\\/2023\\\/11\\\/Eibar-Kultura_Logo.png\",\"width\":1169,\"height\":245,\"caption\":\"Eibarko Kultura\"},\"image\":{\"@id\":\"https:\\\/\\\/eibarkultura.eus\\\/es\\\/#\\\/schema\\\/logo\\\/image\\\/\"}}]}<\/script>\n<!-- \/ Yoast SEO plugin. -->","yoast_head_json":{"title":"Pol\u00edtica de cookies - Eibarko Kultur Gida","robots":{"index":"noindex","follow":"nofollow"},"og_locale":"es_ES","og_type":"article","og_title":"Pol\u00edtica de cookies - Eibarko Kultur Gida","og_description":"Pol\u00edtica de cookies Texto actualizado el 15 de diciembre de 2023 \u00bfQu\u00e9 son las cookies? La pol\u00edtica de cookies explica qu\u00e9 son y c\u00f3mo utilizamos las cookies, qu\u00e9 tipos de&hellip;","og_url":"https:\/\/eibarkultura.eus\/es\/politica-cookies\/","og_site_name":"Eibarko Kultur Gida","article_modified_time":"2025-09-29T06:27:04+00:00","twitter_card":"summary_large_image","twitter_misc":{"Tiempo de lectura":"2 minutos"},"schema":{"@context":"https:\/\/schema.org","@graph":[{"@type":"WebPage","@id":"https:\/\/eibarkultura.eus\/es\/politica-cookies\/","url":"https:\/\/eibarkultura.eus\/es\/politica-cookies\/","name":"Pol\u00edtica de cookies - Eibarko Kultur Gida","isPartOf":{"@id":"https:\/\/eibarkultura.eus\/es\/#website"},"datePublished":"2020-08-27T06:23:10+00:00","dateModified":"2025-09-29T06:27:04+00:00","breadcrumb":{"@id":"https:\/\/eibarkultura.eus\/es\/politica-cookies\/#breadcrumb"},"inLanguage":"es","potentialAction":[{"@type":"ReadAction","target":["https:\/\/eibarkultura.eus\/es\/politica-cookies\/"]}]},{"@type":"BreadcrumbList","@id":"https:\/\/eibarkultura.eus\/es\/politica-cookies\/#breadcrumb","itemListElement":[{"@type":"ListItem","position":1,"name":"Hasiera","item":"https:\/\/eibarkultura.eus\/es\/inicio\/"},{"@type":"ListItem","position":2,"name":"Pol\u00edtica de cookies"}]},{"@type":"WebSite","@id":"https:\/\/eibarkultura.eus\/es\/#website","url":"https:\/\/eibarkultura.eus\/es\/","name":"Eibarko Kultura","description":"Bizi Kultura","publisher":{"@id":"https:\/\/eibarkultura.eus\/es\/#organization"},"potentialAction":[{"@type":"SearchAction","target":{"@type":"EntryPoint","urlTemplate":"https:\/\/eibarkultura.eus\/es\/?s={search_term_string}"},"query-input":{"@type":"PropertyValueSpecification","valueRequired":true,"valueName":"search_term_string"}}],"inLanguage":"es"},{"@type":"Organization","@id":"https:\/\/eibarkultura.eus\/es\/#organization","name":"Eibarko Kultura","url":"https:\/\/eibarkultura.eus\/es\/","logo":{"@type":"ImageObject","inLanguage":"es","@id":"https:\/\/eibarkultura.eus\/es\/#\/schema\/logo\/image\/","url":"https:\/\/eibarkultura.eus\/wp-content\/uploads\/2023\/11\/Eibar-Kultura_Logo.png","contentUrl":"https:\/\/eibarkultura.eus\/wp-content\/uploads\/2023\/11\/Eibar-Kultura_Logo.png","width":1169,"height":245,"caption":"Eibarko Kultura"},"image":{"@id":"https:\/\/eibarkultura.eus\/es\/#\/schema\/logo\/image\/"}}]}},"_links":{"self":[{"href":"https:\/\/eibarkultura.eus\/es\/wp-json\/wp\/v2\/pages\/1485","targetHints":{"allow":["GET"]}}],"collection":[{"href":"https:\/\/eibarkultura.eus\/es\/wp-json\/wp\/v2\/pages"}],"about":[{"href":"https:\/\/eibarkultura.eus\/es\/wp-json\/wp\/v2\/types\/page"}],"author":[{"embeddable":true,"href":"https:\/\/eibarkultura.eus\/es\/wp-json\/wp\/v2\/users\/1"}],"replies":[{"embeddable":true,"href":"https:\/\/eibarkultura.eus\/es\/wp-json\/wp\/v2\/comments?post=1485"}],"version-history":[{"count":1,"href":"https:\/\/eibarkultura.eus\/es\/wp-json\/wp\/v2\/pages\/1485\/revisions"}],"predecessor-version":[{"id":9800,"href":"https:\/\/eibarkultura.eus\/es\/wp-json\/wp\/v2\/pages\/1485\/revisions\/9800"}],"wp:attachment":[{"href":"https:\/\/eibarkultura.eus\/es\/wp-json\/wp\/v2\/media?parent=1485"}],"curies":[{"name":"wp","href":"https:\/\/api.w.org\/{rel}","templated":true}]}}